{"id":2,"date":"2026-02-02T06:59:00","date_gmt":"2026-02-02T06:59:00","guid":{"rendered":"https:\/\/stoy.si\/?page_id=2"},"modified":"2026-02-02T09:33:46","modified_gmt":"2026-02-02T09:33:46","slug":"stoy-stojalo-za-berglo","status":"publish","type":"page","link":"https:\/\/stoy.si\/","title":{"rendered":"Stoy &#8211; da bo va\u0161a bergla sama stala"},"content":{"rendered":"\n<p>Pri hoji uporabljate berglo in zmeraj i\u0161\u010dete kam jo prisloniti, da vam ne bi padla po tleh?<\/p>\n\n\n\n<p>Stojalo za berglo <strong>Stoy<\/strong>, bo zmeraj pri roki in va\u0161a bergla bo stala sama zase!<\/p>\n\n\n\n<figure class=\"wp-block-image size-large\"><img loading=\"lazy\" decoding=\"async\" width=\"768\" height=\"1024\" src=\"https:\/\/stoy.si\/wp-content\/uploads\/2026\/02\/1000015626-768x1024.jpg\" alt=\"\" class=\"wp-image-65\" srcset=\"https:\/\/stoy.si\/wp-content\/uploads\/2026\/02\/1000015626-768x1024.jpg 768w, https:\/\/stoy.si\/wp-content\/uploads\/2026\/02\/1000015626-225x300.jpg 225w, https:\/\/stoy.si\/wp-content\/uploads\/2026\/02\/1000015626-1152x1536.jpg 1152w, https:\/\/stoy.si\/wp-content\/uploads\/2026\/02\/1000015626-1536x2048.jpg 1536w, https:\/\/stoy.si\/wp-content\/uploads\/2026\/02\/1000015626-600x800.jpg 600w, https:\/\/stoy.si\/wp-content\/uploads\/2026\/02\/1000015626-scaled.jpg 1920w\" sizes=\"auto, (max-width: 768px) 100vw, 768px\" \/><\/figure>\n\n\n\n<p>Darko Osterver\u0161nik se po zlomu kolka ni mogel pripogniti, da bi pobral padlo berglo in je dobil idejo, da bi izdelal stojalo, ki bi se pritrdilo nanjo in bi bilo zmeraj na voljo a hkrati ne v napoto pri hoji.<\/p>\n\n\n\n<p><\/p>\n\n\n\n<blockquote class=\"wp-block-quote is-layout-flow wp-block-quote-is-layout-flow\">\n<p>Tako ne bi bil primoran iskati varnega prostora, kam berglo prisloniti, da bo dejansko ostala pokonci, ko jo bo ponovno potreboval.<\/p>\n<\/blockquote>\n\n\n\n<p><\/p>\n\n\n\n<p>Darko bergle sicer ne potrebuje ve\u010d, ampak nastal je izdelek <strong>Stoy<\/strong>, ki bo morda marsikomu v pomo\u010d.<\/p>\n\n\n\n<p>Zaenkrat je na voljo za klasi\u010dno berglo. Pred naro\u010dilom izmerite obseg ali premer palice, da boste videli, \u010de je va\u0161a bergla kompatibilna z nastavkom. Na voljo sta dve dimenziji:<\/p>\n\n\n\n<p>1:<br>2:<\/p>\n\n\n\n<p>\u010ce nimate pomi\u010dnega merila, ki ni ravno standardno za gospodinstvo, lahko iz kosa papirja ure\u017eete trak, ga ovijete okoli bergle na spodnjem delu nad gumo in si ozna\u010dite kje na traku pridete okoli. To dol\u017eino lahko potem izmerite s klasi\u010dnim merilom in dobili boste obseg.<br><\/p>\n\n\n\n<figure class=\"wp-block-image aligncenter size-full is-resized\"><img loading=\"lazy\" decoding=\"async\" width=\"633\" height=\"399\" src=\"https:\/\/stoy.si\/wp-content\/uploads\/2026\/02\/logo-za-bergle2.jpg\" alt=\"\" class=\"wp-image-73\" style=\"aspect-ratio:1.5865488251778401;width:269px;height:auto\" srcset=\"https:\/\/stoy.si\/wp-content\/uploads\/2026\/02\/logo-za-bergle2.jpg 633w, https:\/\/stoy.si\/wp-content\/uploads\/2026\/02\/logo-za-bergle2-300x189.jpg 300w, https:\/\/stoy.si\/wp-content\/uploads\/2026\/02\/logo-za-bergle2-600x378.jpg 600w\" sizes=\"auto, (max-width: 633px) 100vw, 633px\" \/><\/figure>\n\n\n\n<pre class=\"wp-block-preformatted\">zlo\u017eljivo trino\u017eno stojalo za berglo<\/pre>\n\n\n\n<p><br>Tri nogice na nastavku se obrnejo navzgor in ne vplivajo na delovanje med hojo. Ko jo morate postaviti, spustite vse tri nogice in postavite berglo na ravna tla. <\/p>\n\n\n\n<p>En nastavek bo pokonci dr\u017eal eno berglo. \u010ce uporabljte dve bergli, boste potrebovali dva nastavka. \u017dal ni mo\u017eno druge bergle nasloniti na prvo, da bi obe stali na enem nastavku.<\/p>\n","protected":false},"excerpt":{"rendered":"<p>Pri hoji uporabljate berglo in zmeraj i\u0161\u010dete kam jo prisloniti, da vam ne bi padla po tleh? Stojalo za berglo Stoy, bo zmeraj pri roki in va\u0161a bergla bo stala sama zase! Darko Osterver\u0161nik se po zlomu kolka ni mogel pripogniti, da bi pobral padlo berglo in je dobil idejo, da bi izdelal stojalo, ki [&hellip;]<\/p>\n","protected":false},"author":1,"featured_media":0,"parent":0,"menu_order":0,"comment_status":"closed","ping_status":"open","template":"","meta":{"footnotes":""},"class_list":["post-2","page","type-page","status-publish","hentry"],"yoast_head":"<!-- This site is optimized with the Yoast SEO plugin v26.8 - https:\/\/yoast.com\/product\/yoast-seo-wordpress\/ -->\n<title>Stoy - da bo va\u0161a bergla sama stala - Stoy - stojalo za berglo<\/title>\n<meta name=\"robots\" content=\"index, follow, max-snippet:-1, max-image-preview:large, max-video-preview:-1\" \/>\n<link rel=\"canonical\" href=\"https:\/\/stoy.si\/\" \/>\n<meta property=\"og:locale\" content=\"sl_SI\" \/>\n<meta property=\"og:type\" content=\"article\" \/>\n<meta property=\"og:title\" content=\"Stoy - da bo va\u0161a bergla sama stala - Stoy - stojalo za berglo\" \/>\n<meta property=\"og:description\" content=\"Pri hoji uporabljate berglo in zmeraj i\u0161\u010dete kam jo prisloniti, da vam ne bi padla po tleh? Stojalo za berglo Stoy, bo zmeraj pri roki in va\u0161a bergla bo stala sama zase! Darko Osterver\u0161nik se po zlomu kolka ni mogel pripogniti, da bi pobral padlo berglo in je dobil idejo, da bi izdelal stojalo, ki [&hellip;]\" \/>\n<meta property=\"og:url\" content=\"https:\/\/stoy.si\/\" \/>\n<meta property=\"og:site_name\" content=\"Stoy - stojalo za berglo\" \/>\n<meta property=\"article:modified_time\" content=\"2026-02-02T09:33:46+00:00\" \/>\n<meta property=\"og:image\" content=\"https:\/\/stoy.si\/wp-content\/uploads\/2026\/02\/1000015626-scaled.jpg\" \/>\n\t<meta property=\"og:image:width\" content=\"1920\" \/>\n\t<meta property=\"og:image:height\" content=\"2560\" \/>\n\t<meta property=\"og:image:type\" content=\"image\/jpeg\" \/>\n<meta name=\"twitter:card\" content=\"summary_large_image\" \/>\n<meta name=\"twitter:label1\" content=\"Est. reading time\" \/>\n\t<meta name=\"twitter:data1\" content=\"1 minuta\" \/>\n<script type=\"application\/ld+json\" class=\"yoast-schema-graph\">{\"@context\":\"https:\/\/schema.org\",\"@graph\":[{\"@type\":\"WebPage\",\"@id\":\"https:\/\/stoy.si\/\",\"url\":\"https:\/\/stoy.si\/\",\"name\":\"Stoy - da bo va\u0161a bergla sama stala - Stoy - stojalo za berglo\",\"isPartOf\":{\"@id\":\"https:\/\/stoy.si\/#website\"},\"primaryImageOfPage\":{\"@id\":\"https:\/\/stoy.si\/#primaryimage\"},\"image\":{\"@id\":\"https:\/\/stoy.si\/#primaryimage\"},\"thumbnailUrl\":\"https:\/\/stoy.si\/wp-content\/uploads\/2026\/02\/1000015626-768x1024.jpg\",\"datePublished\":\"2026-02-02T06:59:00+00:00\",\"dateModified\":\"2026-02-02T09:33:46+00:00\",\"breadcrumb\":{\"@id\":\"https:\/\/stoy.si\/#breadcrumb\"},\"inLanguage\":\"sl-SI\",\"potentialAction\":[{\"@type\":\"ReadAction\",\"target\":[\"https:\/\/stoy.si\/\"]}]},{\"@type\":\"ImageObject\",\"inLanguage\":\"sl-SI\",\"@id\":\"https:\/\/stoy.si\/#primaryimage\",\"url\":\"https:\/\/stoy.si\/wp-content\/uploads\/2026\/02\/1000015626-scaled.jpg\",\"contentUrl\":\"https:\/\/stoy.si\/wp-content\/uploads\/2026\/02\/1000015626-scaled.jpg\",\"width\":1920,\"height\":2560},{\"@type\":\"BreadcrumbList\",\"@id\":\"https:\/\/stoy.si\/#breadcrumb\",\"itemListElement\":[{\"@type\":\"ListItem\",\"position\":1,\"name\":\"Home\",\"item\":\"https:\/\/stoy.si\/\"},{\"@type\":\"ListItem\",\"position\":2,\"name\":\"Stoy &#8211; da bo va\u0161a bergla sama stala\"}]},{\"@type\":\"WebSite\",\"@id\":\"https:\/\/stoy.si\/#website\",\"url\":\"https:\/\/stoy.si\/\",\"name\":\"Stoy - stojalo za berglo\",\"description\":\"\",\"potentialAction\":[{\"@type\":\"SearchAction\",\"target\":{\"@type\":\"EntryPoint\",\"urlTemplate\":\"https:\/\/stoy.si\/?s={search_term_string}\"},\"query-input\":{\"@type\":\"PropertyValueSpecification\",\"valueRequired\":true,\"valueName\":\"search_term_string\"}}],\"inLanguage\":\"sl-SI\"}]}<\/script>\n<!-- \/ Yoast SEO plugin. -->","yoast_head_json":{"title":"Stoy - da bo va\u0161a bergla sama stala - Stoy - stojalo za berglo","robots":{"index":"index","follow":"follow","max-snippet":"max-snippet:-1","max-image-preview":"max-image-preview:large","max-video-preview":"max-video-preview:-1"},"canonical":"https:\/\/stoy.si\/","og_locale":"sl_SI","og_type":"article","og_title":"Stoy - da bo va\u0161a bergla sama stala - Stoy - stojalo za berglo","og_description":"Pri hoji uporabljate berglo in zmeraj i\u0161\u010dete kam jo prisloniti, da vam ne bi padla po tleh? Stojalo za berglo Stoy, bo zmeraj pri roki in va\u0161a bergla bo stala sama zase! Darko Osterver\u0161nik se po zlomu kolka ni mogel pripogniti, da bi pobral padlo berglo in je dobil idejo, da bi izdelal stojalo, ki [&hellip;]","og_url":"https:\/\/stoy.si\/","og_site_name":"Stoy - stojalo za berglo","article_modified_time":"2026-02-02T09:33:46+00:00","og_image":[{"width":1920,"height":2560,"url":"https:\/\/stoy.si\/wp-content\/uploads\/2026\/02\/1000015626-scaled.jpg","type":"image\/jpeg"}],"twitter_card":"summary_large_image","twitter_misc":{"Est. reading time":"1 minuta"},"schema":{"@context":"https:\/\/schema.org","@graph":[{"@type":"WebPage","@id":"https:\/\/stoy.si\/","url":"https:\/\/stoy.si\/","name":"Stoy - da bo va\u0161a bergla sama stala - Stoy - stojalo za berglo","isPartOf":{"@id":"https:\/\/stoy.si\/#website"},"primaryImageOfPage":{"@id":"https:\/\/stoy.si\/#primaryimage"},"image":{"@id":"https:\/\/stoy.si\/#primaryimage"},"thumbnailUrl":"https:\/\/stoy.si\/wp-content\/uploads\/2026\/02\/1000015626-768x1024.jpg","datePublished":"2026-02-02T06:59:00+00:00","dateModified":"2026-02-02T09:33:46+00:00","breadcrumb":{"@id":"https:\/\/stoy.si\/#breadcrumb"},"inLanguage":"sl-SI","potentialAction":[{"@type":"ReadAction","target":["https:\/\/stoy.si\/"]}]},{"@type":"ImageObject","inLanguage":"sl-SI","@id":"https:\/\/stoy.si\/#primaryimage","url":"https:\/\/stoy.si\/wp-content\/uploads\/2026\/02\/1000015626-scaled.jpg","contentUrl":"https:\/\/stoy.si\/wp-content\/uploads\/2026\/02\/1000015626-scaled.jpg","width":1920,"height":2560},{"@type":"BreadcrumbList","@id":"https:\/\/stoy.si\/#breadcrumb","itemListElement":[{"@type":"ListItem","position":1,"name":"Home","item":"https:\/\/stoy.si\/"},{"@type":"ListItem","position":2,"name":"Stoy &#8211; da bo va\u0161a bergla sama stala"}]},{"@type":"WebSite","@id":"https:\/\/stoy.si\/#website","url":"https:\/\/stoy.si\/","name":"Stoy - stojalo za berglo","description":"","potentialAction":[{"@type":"SearchAction","target":{"@type":"EntryPoint","urlTemplate":"https:\/\/stoy.si\/?s={search_term_string}"},"query-input":{"@type":"PropertyValueSpecification","valueRequired":true,"valueName":"search_term_string"}}],"inLanguage":"sl-SI"}]}},"_links":{"self":[{"href":"https:\/\/stoy.si\/index.php\/wp-json\/wp\/v2\/pages\/2","targetHints":{"allow":["GET"]}}],"collection":[{"href":"https:\/\/stoy.si\/index.php\/wp-json\/wp\/v2\/pages"}],"about":[{"href":"https:\/\/stoy.si\/index.php\/wp-json\/wp\/v2\/types\/page"}],"author":[{"embeddable":true,"href":"https:\/\/stoy.si\/index.php\/wp-json\/wp\/v2\/users\/1"}],"replies":[{"embeddable":true,"href":"https:\/\/stoy.si\/index.php\/wp-json\/wp\/v2\/comments?post=2"}],"version-history":[{"count":8,"href":"https:\/\/stoy.si\/index.php\/wp-json\/wp\/v2\/pages\/2\/revisions"}],"predecessor-version":[{"id":75,"href":"https:\/\/stoy.si\/index.php\/wp-json\/wp\/v2\/pages\/2\/revisions\/75"}],"wp:attachment":[{"href":"https:\/\/stoy.si\/index.php\/wp-json\/wp\/v2\/media?parent=2"}],"curies":[{"name":"wp","href":"https:\/\/api.w.org\/{rel}","templated":true}]}}