{"id":63,"date":"2026-02-02T07:29:55","date_gmt":"2026-02-02T07:29:55","guid":{"rendered":"https:\/\/stoy.si\/?post_type=product&#038;p=63"},"modified":"2026-02-02T07:33:26","modified_gmt":"2026-02-02T07:33:26","slug":"stojalo-za-berglo","status":"publish","type":"product","link":"https:\/\/stoy.si\/index.php\/izdelek\/stojalo-za-berglo\/","title":{"rendered":"Stojalo za berglo"},"content":{"rendered":"<p>Trino\u017eni nastavek, ki vam omogo\u010da postaviti va\u0161o berglo na ravnih tleh brez, da i\u0161\u010dete kam bi jo prislonili. Tako vam bergle ne bo treba pobirati iz tal, ker se je speljala in padla po tleh.<\/p>\n<p>Nastavek je namenjen za eno berglo. Ne morete ga uporabiti tako, da bi na to prislonili \u0161e drugo berglo. V tem primeru potrebujete dva nastavka.<\/p>\n","protected":false},"excerpt":{"rendered":"<p>Trino\u017eni nastavek, ki vam omogo\u010da postaviti va\u0161o berglo na ravnih tleh brez, da i\u0161\u010dete kam bi jo prislonili. Tako vam bergle ne bo treba pobirati iz tal, ker se je speljala in padla po tleh. Nastavek je namenjen za eno berglo. Ne morete ga uporabiti tako, da bi na to prislonili \u0161e drugo berglo. V [&hellip;]<\/p>\n","protected":false},"featured_media":64,"comment_status":"open","ping_status":"closed","template":"","meta":[],"product_brand":[],"product_cat":[15],"product_tag":[],"class_list":{"0":"post-63","1":"product","2":"type-product","3":"status-publish","4":"has-post-thumbnail","6":"product_cat-nekategorizirano","8":"first","9":"instock","10":"taxable","11":"shipping-taxable","12":"product-type-simple"},"yoast_head":"<!-- This site is optimized with the Yoast SEO plugin v26.8 - https:\/\/yoast.com\/product\/yoast-seo-wordpress\/ -->\n<title>Stojalo za berglo - Stoy - stojalo za berglo<\/title>\n<meta name=\"robots\" content=\"index, follow, max-snippet:-1, max-image-preview:large, max-video-preview:-1\" \/>\n<link rel=\"canonical\" href=\"https:\/\/stoy.si\/index.php\/izdelek\/stojalo-za-berglo\/\" \/>\n<meta property=\"og:locale\" content=\"sl_SI\" \/>\n<meta property=\"og:type\" content=\"article\" \/>\n<meta property=\"og:title\" content=\"Stojalo za berglo - Stoy - stojalo za berglo\" \/>\n<meta property=\"og:description\" content=\"Trino\u017eni nastavek, ki vam omogo\u010da postaviti va\u0161o berglo na ravnih tleh brez, da i\u0161\u010dete kam bi jo prislonili. Tako vam bergle ne bo treba pobirati iz tal, ker se je speljala in padla po tleh. Nastavek je namenjen za eno berglo. Ne morete ga uporabiti tako, da bi na to prislonili \u0161e drugo berglo. V [&hellip;]\" \/>\n<meta property=\"og:url\" content=\"https:\/\/stoy.si\/index.php\/izdelek\/stojalo-za-berglo\/\" \/>\n<meta property=\"og:site_name\" content=\"Stoy - stojalo za berglo\" \/>\n<meta property=\"article:modified_time\" content=\"2026-02-02T07:33:26+00:00\" \/>\n<meta property=\"og:image\" content=\"https:\/\/stoy.si\/wp-content\/uploads\/2026\/02\/1000015561-scaled.jpg\" \/>\n\t<meta property=\"og:image:width\" content=\"1920\" \/>\n\t<meta property=\"og:image:height\" content=\"2560\" \/>\n\t<meta property=\"og:image:type\" content=\"image\/jpeg\" \/>\n<meta name=\"twitter:card\" content=\"summary_large_image\" \/>\n<meta name=\"twitter:label1\" content=\"Est. reading time\" \/>\n\t<meta name=\"twitter:data1\" content=\"1 minuta\" \/>\n<script type=\"application\/ld+json\" class=\"yoast-schema-graph\">{\"@context\":\"https:\/\/schema.org\",\"@graph\":[{\"@type\":\"WebPage\",\"@id\":\"https:\/\/stoy.si\/index.php\/izdelek\/stojalo-za-berglo\/\",\"url\":\"https:\/\/stoy.si\/index.php\/izdelek\/stojalo-za-berglo\/\",\"name\":\"Stojalo za berglo - Stoy - stojalo za berglo\",\"isPartOf\":{\"@id\":\"https:\/\/stoy.si\/#website\"},\"primaryImageOfPage\":{\"@id\":\"https:\/\/stoy.si\/index.php\/izdelek\/stojalo-za-berglo\/#primaryimage\"},\"image\":{\"@id\":\"https:\/\/stoy.si\/index.php\/izdelek\/stojalo-za-berglo\/#primaryimage\"},\"thumbnailUrl\":\"https:\/\/stoy.si\/wp-content\/uploads\/2026\/02\/1000015561-scaled.jpg\",\"datePublished\":\"2026-02-02T07:29:55+00:00\",\"dateModified\":\"2026-02-02T07:33:26+00:00\",\"breadcrumb\":{\"@id\":\"https:\/\/stoy.si\/index.php\/izdelek\/stojalo-za-berglo\/#breadcrumb\"},\"inLanguage\":\"sl-SI\",\"potentialAction\":[{\"@type\":\"ReadAction\",\"target\":[\"https:\/\/stoy.si\/index.php\/izdelek\/stojalo-za-berglo\/\"]}]},{\"@type\":\"ImageObject\",\"inLanguage\":\"sl-SI\",\"@id\":\"https:\/\/stoy.si\/index.php\/izdelek\/stojalo-za-berglo\/#primaryimage\",\"url\":\"https:\/\/stoy.si\/wp-content\/uploads\/2026\/02\/1000015561-scaled.jpg\",\"contentUrl\":\"https:\/\/stoy.si\/wp-content\/uploads\/2026\/02\/1000015561-scaled.jpg\",\"width\":1920,\"height\":2560},{\"@type\":\"BreadcrumbList\",\"@id\":\"https:\/\/stoy.si\/index.php\/izdelek\/stojalo-za-berglo\/#breadcrumb\",\"itemListElement\":[{\"@type\":\"ListItem\",\"position\":1,\"name\":\"Home\",\"item\":\"https:\/\/stoy.si\/\"},{\"@type\":\"ListItem\",\"position\":2,\"name\":\"Trgovina\",\"item\":\"https:\/\/stoy.si\/index.php\/trgovina\/\"},{\"@type\":\"ListItem\",\"position\":3,\"name\":\"Stojalo za berglo\"}]},{\"@type\":\"WebSite\",\"@id\":\"https:\/\/stoy.si\/#website\",\"url\":\"https:\/\/stoy.si\/\",\"name\":\"Stoy - stojalo za berglo\",\"description\":\"\",\"potentialAction\":[{\"@type\":\"SearchAction\",\"target\":{\"@type\":\"EntryPoint\",\"urlTemplate\":\"https:\/\/stoy.si\/?s={search_term_string}\"},\"query-input\":{\"@type\":\"PropertyValueSpecification\",\"valueRequired\":true,\"valueName\":\"search_term_string\"}}],\"inLanguage\":\"sl-SI\"}]}<\/script>\n<!-- \/ Yoast SEO plugin. -->","yoast_head_json":{"title":"Stojalo za berglo - Stoy - stojalo za berglo","robots":{"index":"index","follow":"follow","max-snippet":"max-snippet:-1","max-image-preview":"max-image-preview:large","max-video-preview":"max-video-preview:-1"},"canonical":"https:\/\/stoy.si\/index.php\/izdelek\/stojalo-za-berglo\/","og_locale":"sl_SI","og_type":"article","og_title":"Stojalo za berglo - Stoy - stojalo za berglo","og_description":"Trino\u017eni nastavek, ki vam omogo\u010da postaviti va\u0161o berglo na ravnih tleh brez, da i\u0161\u010dete kam bi jo prislonili. Tako vam bergle ne bo treba pobirati iz tal, ker se je speljala in padla po tleh. Nastavek je namenjen za eno berglo. Ne morete ga uporabiti tako, da bi na to prislonili \u0161e drugo berglo. V [&hellip;]","og_url":"https:\/\/stoy.si\/index.php\/izdelek\/stojalo-za-berglo\/","og_site_name":"Stoy - stojalo za berglo","article_modified_time":"2026-02-02T07:33:26+00:00","og_image":[{"width":1920,"height":2560,"url":"https:\/\/stoy.si\/wp-content\/uploads\/2026\/02\/1000015561-scaled.jpg","type":"image\/jpeg"}],"twitter_card":"summary_large_image","twitter_misc":{"Est. reading time":"1 minuta"},"schema":{"@context":"https:\/\/schema.org","@graph":[{"@type":"WebPage","@id":"https:\/\/stoy.si\/index.php\/izdelek\/stojalo-za-berglo\/","url":"https:\/\/stoy.si\/index.php\/izdelek\/stojalo-za-berglo\/","name":"Stojalo za berglo - Stoy - stojalo za berglo","isPartOf":{"@id":"https:\/\/stoy.si\/#website"},"primaryImageOfPage":{"@id":"https:\/\/stoy.si\/index.php\/izdelek\/stojalo-za-berglo\/#primaryimage"},"image":{"@id":"https:\/\/stoy.si\/index.php\/izdelek\/stojalo-za-berglo\/#primaryimage"},"thumbnailUrl":"https:\/\/stoy.si\/wp-content\/uploads\/2026\/02\/1000015561-scaled.jpg","datePublished":"2026-02-02T07:29:55+00:00","dateModified":"2026-02-02T07:33:26+00:00","breadcrumb":{"@id":"https:\/\/stoy.si\/index.php\/izdelek\/stojalo-za-berglo\/#breadcrumb"},"inLanguage":"sl-SI","potentialAction":[{"@type":"ReadAction","target":["https:\/\/stoy.si\/index.php\/izdelek\/stojalo-za-berglo\/"]}]},{"@type":"ImageObject","inLanguage":"sl-SI","@id":"https:\/\/stoy.si\/index.php\/izdelek\/stojalo-za-berglo\/#primaryimage","url":"https:\/\/stoy.si\/wp-content\/uploads\/2026\/02\/1000015561-scaled.jpg","contentUrl":"https:\/\/stoy.si\/wp-content\/uploads\/2026\/02\/1000015561-scaled.jpg","width":1920,"height":2560},{"@type":"BreadcrumbList","@id":"https:\/\/stoy.si\/index.php\/izdelek\/stojalo-za-berglo\/#breadcrumb","itemListElement":[{"@type":"ListItem","position":1,"name":"Home","item":"https:\/\/stoy.si\/"},{"@type":"ListItem","position":2,"name":"Trgovina","item":"https:\/\/stoy.si\/index.php\/trgovina\/"},{"@type":"ListItem","position":3,"name":"Stojalo za berglo"}]},{"@type":"WebSite","@id":"https:\/\/stoy.si\/#website","url":"https:\/\/stoy.si\/","name":"Stoy - stojalo za berglo","description":"","potentialAction":[{"@type":"SearchAction","target":{"@type":"EntryPoint","urlTemplate":"https:\/\/stoy.si\/?s={search_term_string}"},"query-input":{"@type":"PropertyValueSpecification","valueRequired":true,"valueName":"search_term_string"}}],"inLanguage":"sl-SI"}]}},"_links":{"self":[{"href":"https:\/\/stoy.si\/index.php\/wp-json\/wp\/v2\/product\/63","targetHints":{"allow":["GET"]}}],"collection":[{"href":"https:\/\/stoy.si\/index.php\/wp-json\/wp\/v2\/product"}],"about":[{"href":"https:\/\/stoy.si\/index.php\/wp-json\/wp\/v2\/types\/product"}],"replies":[{"embeddable":true,"href":"https:\/\/stoy.si\/index.php\/wp-json\/wp\/v2\/comments?post=63"}],"wp:featuredmedia":[{"embeddable":true,"href":"https:\/\/stoy.si\/index.php\/wp-json\/wp\/v2\/media\/64"}],"wp:attachment":[{"href":"https:\/\/stoy.si\/index.php\/wp-json\/wp\/v2\/media?parent=63"}],"wp:term":[{"taxonomy":"product_brand","embeddable":true,"href":"https:\/\/stoy.si\/index.php\/wp-json\/wp\/v2\/product_brand?post=63"},{"taxonomy":"product_cat","embeddable":true,"href":"https:\/\/stoy.si\/index.php\/wp-json\/wp\/v2\/product_cat?post=63"},{"taxonomy":"product_tag","embeddable":true,"href":"https:\/\/stoy.si\/index.php\/wp-json\/wp\/v2\/product_tag?post=63"}],"curies":[{"name":"wp","href":"https:\/\/api.w.org\/{rel}","templated":true}]}}